{"id":49,"date":"2018-10-06T14:35:16","date_gmt":"2018-10-06T14:35:16","guid":{"rendered":"http:\/\/tc-silbercasino.de\/?page_id=49"},"modified":"2023-04-04T08:26:05","modified_gmt":"2023-04-04T08:26:05","slug":"datenschutz","status":"publish","type":"page","link":"https:\/\/tc-silbercasino.de\/?page_id=49","title":{"rendered":"Datenschutz"},"content":{"rendered":"\t\t<div data-elementor-type=\"wp-post\" data-elementor-id=\"49\" class=\"elementor elementor-49\">\n\t\t\t\t\t\t<section class=\"has_eae_slider elementor-section elementor-top-section elementor-element elementor-element-abe79bc elementor-section-boxed elementor-section-height-default elementor-section-height-default\" data-eae-slider=\"49643\" data-id=\"abe79bc\" data-element_type=\"section\" data-e-type=\"section\">\n\t\t\t\t\t\t<div class=\"elementor-container elementor-column-gap-default\">\n\t\t\t\t\t<div class=\"has_eae_slider elementor-column elementor-col-100 elementor-top-column elementor-element elementor-element-269e060\" data-eae-slider=\"39128\" data-id=\"269e060\" data-element_type=\"column\" data-e-type=\"column\">\n\t\t\t<div class=\"elementor-widget-wrap elementor-element-populated\">\n\t\t\t\t\t\t<div class=\"elementor-element elementor-element-a657428 elementor-widget elementor-widget-spacer\" data-id=\"a657428\" data-element_type=\"widget\" data-e-type=\"widget\" data-widget_type=\"spacer.default\">\n\t\t\t\t<div class=\"elementor-widget-container\">\n\t\t\t\t\t\t\t<div class=\"elementor-spacer\">\n\t\t\t<div class=\"elementor-spacer-inner\"><\/div>\n\t\t<\/div>\n\t\t\t\t\t\t<\/div>\n\t\t\t\t<\/div>\n\t\t\t\t<div class=\"elementor-element elementor-element-42a6a69 elementor-widget elementor-widget-heading\" data-id=\"42a6a69\" data-element_type=\"widget\" data-e-type=\"widget\" data-widget_type=\"heading.default\">\n\t\t\t\t<div class=\"elementor-widget-container\">\n\t\t\t\t\t<h2 class=\"elementor-heading-title elementor-size-xl\">Datenschutz<\/h2>\t\t\t\t<\/div>\n\t\t\t\t<\/div>\n\t\t\t\t<div class=\"elementor-element elementor-element-06fa0a3 elementor-widget elementor-widget-spacer\" data-id=\"06fa0a3\" data-element_type=\"widget\" data-e-type=\"widget\" data-widget_type=\"spacer.default\">\n\t\t\t\t<div class=\"elementor-widget-container\">\n\t\t\t\t\t\t\t<div class=\"elementor-spacer\">\n\t\t\t<div class=\"elementor-spacer-inner\"><\/div>\n\t\t<\/div>\n\t\t\t\t\t\t<\/div>\n\t\t\t\t<\/div>\n\t\t\t\t\t<\/div>\n\t\t<\/div>\n\t\t\t\t\t<\/div>\n\t\t<\/section>\n\t\t\t\t<section class=\"has_eae_slider elementor-section elementor-top-section elementor-element elementor-element-baa01b0 elementor-section-boxed elementor-section-height-default elementor-section-height-default\" data-eae-slider=\"21502\" data-id=\"baa01b0\" data-element_type=\"section\" data-e-type=\"section\">\n\t\t\t\t\t\t<div class=\"elementor-container elementor-column-gap-default\">\n\t\t\t\t\t<div class=\"has_eae_slider elementor-column elementor-col-100 elementor-top-column elementor-element elementor-element-d0e28a3\" data-eae-slider=\"145\" data-id=\"d0e28a3\" data-element_type=\"column\" data-e-type=\"column\">\n\t\t\t<div class=\"elementor-widget-wrap elementor-element-populated\">\n\t\t\t\t\t\t<div class=\"elementor-element elementor-element-dc55936 elementor-widget elementor-widget-text-editor\" data-id=\"dc55936\" data-element_type=\"widget\" data-e-type=\"widget\" data-widget_type=\"text-editor.default\">\n\t\t\t\t<div class=\"elementor-widget-container\">\n\t\t\t\t\t\t\t\t\t<h2 class=\"western\"><span style=\"font-family: arial, helvetica, sans-serif; font-size: 14pt; color: #000000;\"><strong>BENENNUNG DER VERANTWORTLICHEN STELLE<\/strong><\/span><\/h2><p><span style=\"font-family: arial, helvetica, sans-serif; color: #000000;\">Die verantwortliche Stelle f\u00fcr die Datenverarbeitung auf dieser Website ist:<\/span><\/p><p><span style=\"font-family: arial, helvetica, sans-serif; color: #000000;\"><b>Tanzclub Silbercasino Pirmasens (TCSCP) e. V.<\/b><\/span><\/p><p><span style=\"font-family: arial, helvetica, sans-serif; color: #000000;\">In der Finsterdelle 7a<\/span><br \/><span style=\"font-family: arial, helvetica, sans-serif; color: #000000;\">66981 M\u00fcnchweiler<\/span><br \/><span style=\"font-family: arial, helvetica, sans-serif; color: #000000;\">E-Mail: vorstand@tc-silbercasino.de<\/span><\/p><p><span style=\"font-family: arial, helvetica, sans-serif; color: #000000;\"><strong><b>Widerruf Ihrer Einwilligung zur Datenverarbeitung<\/b><\/strong><\/span><\/p><p><span style=\"font-family: arial, helvetica, sans-serif; color: #000000;\">Nur mit Ihrer ausdr\u00fccklichen Einwilligung sind einige Vorg\u00e4nge der Datenverarbeitung m\u00f6glich. Ein Widerruf Ihrer bereits erteilten Einwilligung ist jederzeit m\u00f6glich. F\u00fcr den Widerruf gen\u00fcgt eine formlose Mitteilung per E-Mail. Die Rechtm\u00e4\u00dfigkeit der bis zum Widerruf erfolgten Datenverarbeitung bleibt vom Widerruf unber\u00fchrt.<\/span><\/p><p><span style=\"font-family: arial, helvetica, sans-serif; color: #000000;\"><strong><b><br \/>Recht auf Beschwerde bei der zust\u00e4ndigen Aufsichtsbeh\u00f6rde<\/b><\/strong><\/span><\/p><p><span style=\"font-family: arial, helvetica, sans-serif; color: #000000;\">Als Betroffener steht Ihnen im Falle eines datenschutzrechtlichen Versto\u00dfes ein Beschwerderecht bei der zust\u00e4ndigen Aufsichtsbeh\u00f6rde zu.<\/span><br \/><span style=\"font-family: arial, helvetica, sans-serif; color: #000000;\">Zust\u00e4ndige Aufsichtsbeh\u00f6rde bez\u00fcglich datenschutzrechtlicher Fragen ist der Landesdatenschutzbeauftragte des Bundeslandes, in dem sich der Sitz unseres Unternehmens befindet. Der folgende Link stellt eine Liste der Datenschutzbeauftragten sowie deren Kontaktdaten bereit:\u00a0<a style=\"color: #000000;\" href=\"https:\/\/www.bfdi.bund.de\/DE\/Infothek\/Anschriften_Links\/anschriften_links-node.html\"><u>https:\/\/www.bfdi.bund.de\/DE\/Infothek\/Anschriften_Links\/anschriften_links-node.html<\/u><\/a>.<\/span><\/p><p><span style=\"font-family: arial, helvetica, sans-serif; color: #000000;\"><strong><b>Server-Log-Dateien<\/b><\/strong><\/span><\/p><p><span style=\"font-family: arial, helvetica, sans-serif; color: #000000;\">In Server-Log-Dateien erhebt und speichert der Provider der Website automatisch Informationen, die Ihr Browser automatisch an uns \u00fcbermittelt. Dies sind:<\/span><\/p><ul><li><span style=\"font-family: arial, helvetica, sans-serif; color: #000000;\">Browsertyp und Browserversion<\/span><\/li><li><span style=\"font-family: arial, helvetica, sans-serif; color: #000000;\">Verwendetes Betriebssystem<\/span><\/li><li><span style=\"font-family: arial, helvetica, sans-serif; color: #000000;\">Referrer URL<\/span><\/li><li><span style=\"font-family: arial, helvetica, sans-serif; color: #000000;\">Hostname d<\/span><\/li><li><span style=\"font-family: arial, helvetica, sans-serif; color: #000000;\">es zugreifenden Rechners<\/span><\/li><li><span style=\"font-family: arial, helvetica, sans-serif; color: #000000;\">Uhrzeit der Serveranfrage<\/span><\/li><li><span style=\"font-family: arial, helvetica, sans-serif; color: #000000;\">IP-Adresse<\/span><\/li><\/ul><p><span style=\"font-family: arial, helvetica, sans-serif; color: #000000;\">Es findet keine Zusammenf\u00fchrung dieser Daten mit anderen Datenquellen statt.\u00a0<\/span><\/p><p><span style=\"font-family: arial, helvetica, sans-serif; color: #000000;\"><strong><b>Cookies<\/b><\/strong><\/span><\/p><p><span style=\"font-family: arial, helvetica, sans-serif; color: #000000;\">Unsere Website verwendet Cookies. Das sind kleine Textdateien, die Ihr Webbrowser auf Ihrem Endger\u00e4t speichert. Cookies helfen uns dabei, unser Angebot nutzerfreundlicher, effektiver und sicherer zu machen.<\/span><\/p><p><span style=\"font-family: arial, helvetica, sans-serif; color: #000000;\">Einige Cookies\u00a0sind \u201cSession-Cookies.\u201d Solche Cookies werden nach Ende Ihrer Browser-Sitzung von selbst gel\u00f6scht. Hingegen bleiben andere Cookies auf Ihrem Endger\u00e4t bestehen, bis Sie diese selbst l\u00f6schen.\u00a0Solche Cookies helfen uns, Sie bei R\u00fcckkehr auf\u00a0unserer Website wieder zuerkennen.<\/span><\/p><p><span style=\"font-family: arial, helvetica, sans-serif; color: #000000;\">Mit einem modernen Webbrowser k\u00f6nnen Sie das Setzen von Cookies \u00fcberwachen, einschr\u00e4nken oder unterbinden. Viele Webbrowser lassen sich so konfigurieren, dass Cookies mit dem Schlie\u00dfen des\u00a0Programms von selbst gel\u00f6scht werden. Die Deaktivierung von Cookies\u00a0kann eine eingeschr\u00e4nkte Funktionalit\u00e4t unserer Website zur Folge haben.<\/span><\/p><p><span style=\"font-family: arial, helvetica, sans-serif; color: #000000;\">Das Setzen von Cookies, die zur Aus\u00fcbung elektronischer Kommunikationsvorg\u00e4nge oder der Bereitstellung bestimmter, von Ihnen erw\u00fcnschter Funktionen\u00a0notwendig sind, erfolgt auf Grundlage von Art. 6 Abs. 1 lit. f DSGVO. Als Betreiber dieser\u00a0Website haben wir ein berechtigtes Interesse an der Speicherung von Cookies zur technisch fehlerfreien und reibungslosen Bereitstellung unserer Dienste. Sofern die Setzung anderer Cookies (z.B. f\u00fcr\u00a0Analyse-Funktionen) erfolgt, werden diese in dieser\u00a0Datenschutzerkl\u00e4rung separat behandelt.<\/span><\/p><p><span style=\"font-family: arial, helvetica, sans-serif; color: #000000;\">[Quelle: Datenschutz-Konfigurator von\u00a0<a style=\"color: #000000;\" href=\"http:\/\/www.mein-datenschutzbeauftragter.de\/\" target=\"_blank\" rel=\"noopener\">mein-datenschutzbeauftragter.de]<\/a><\/span><\/p><p><span style=\"font-family: arial, helvetica, sans-serif; color: #000000;\"><strong><b>Google Fonts<\/b><\/strong><\/span><\/p><p><span style=\"font-family: arial, helvetica, sans-serif; color: #000000;\">Wir benutzen \u201eGoogle Fonts\u201c von Google LLC, 1600 Amphitheatre Parkway, Mountain View, CA 94043, USA.<\/span><br \/><span style=\"font-family: arial, helvetica, sans-serif; color: #000000;\">Datenschutzerkl\u00e4rung:\u00a0<a style=\"color: #000000;\" href=\"https:\/\/policies.google.com\/privacy?hl=de\">https:\/\/policies.google.com\/privacy?hl=de<\/a><\/span><\/p>\t\t\t\t\t\t\t\t<\/div>\n\t\t\t\t<\/div>\n\t\t\t\t\t<\/div>\n\t\t<\/div>\n\t\t\t\t\t<\/div>\n\t\t<\/section>\n\t\t\t\t<\/div>\n\t\t","protected":false},"excerpt":{"rendered":"<p>Datenschutz BENENNUNG DER VERANTWORTLICHEN STELLE Die verantwortliche Stelle f\u00fcr die Datenverarbeitung auf dieser Website ist: Tanzclub Silbercasino Pirmasens (TCSCP) e. V. In der Finsterdelle 7a 66981 M\u00fcnchweiler E-Mail: vorstand@tc-silbercasino.de Widerruf [&hellip;]<\/p>\n","protected":false},"author":1,"featured_media":0,"parent":0,"menu_order":6,"comment_status":"closed","ping_status":"closed","template":"","meta":{"ngg_post_thumbnail":0,"ocean_post_layout":"full-screen","ocean_both_sidebars_style":"","ocean_both_sidebars_content_width":0,"ocean_both_sidebars_sidebars_width":0,"ocean_sidebar":"0","ocean_second_sidebar":"0","ocean_disable_margins":"enable","ocean_add_body_class":"","ocean_shortcode_before_top_bar":"","ocean_shortcode_after_top_bar":"","ocean_shortcode_before_header":"","ocean_shortcode_after_header":"","ocean_has_shortcode":"","ocean_shortcode_after_title":"","ocean_shortcode_before_footer_widgets":"","ocean_shortcode_after_footer_widgets":"","ocean_shortcode_before_footer_bottom":"","ocean_shortcode_after_footer_bottom":"","ocean_display_top_bar":"off","ocean_display_header":"on","ocean_header_style":"","ocean_center_header_left_menu":"0","ocean_custom_header_template":"0","ocean_custom_logo":0,"ocean_custom_retina_logo":0,"ocean_custom_logo_max_width":0,"ocean_custom_logo_tablet_max_width":0,"ocean_custom_logo_mobile_max_width":0,"ocean_custom_logo_max_height":0,"ocean_custom_logo_tablet_max_height":0,"ocean_custom_logo_mobile_max_height":0,"ocean_header_custom_menu":"0","ocean_menu_typo_font_family":"0","ocean_menu_typo_font_subset":"","ocean_menu_typo_font_size":0,"ocean_menu_typo_font_size_tablet":0,"ocean_menu_typo_font_size_mobile":0,"ocean_menu_typo_font_size_unit":"px","ocean_menu_typo_font_weight":"","ocean_menu_typo_font_weight_tablet":"","ocean_menu_typo_font_weight_mobile":"","ocean_menu_typo_transform":"","ocean_menu_typo_transform_tablet":"","ocean_menu_typo_transform_mobile":"","ocean_menu_typo_line_height":0,"ocean_menu_typo_line_height_tablet":0,"ocean_menu_typo_line_height_mobile":0,"ocean_menu_typo_line_height_unit":"","ocean_menu_typo_spacing":0,"ocean_menu_typo_spacing_tablet":0,"ocean_menu_typo_spacing_mobile":0,"ocean_menu_typo_spacing_unit":"","ocean_menu_link_color":"","ocean_menu_link_color_hover":"","ocean_menu_link_color_active":"","ocean_menu_link_background":"","ocean_menu_link_hover_background":"","ocean_menu_link_active_background":"","ocean_menu_social_links_bg":"","ocean_menu_social_hover_links_bg":"","ocean_menu_social_links_color":"","ocean_menu_social_hover_links_color":"","ocean_disable_title":"on","ocean_disable_heading":"default","ocean_post_title":"","ocean_post_subheading":"","ocean_post_title_style":"","ocean_post_title_background_color":"","ocean_post_title_background":0,"ocean_post_title_bg_image_position":"","ocean_post_title_bg_image_attachment":"","ocean_post_title_bg_image_repeat":"","ocean_post_title_bg_image_size":"","ocean_post_title_height":0,"ocean_post_title_bg_overlay":0.5,"ocean_post_title_bg_overlay_color":"","ocean_disable_breadcrumbs":"off","ocean_breadcrumbs_color":"","ocean_breadcrumbs_separator_color":"","ocean_breadcrumbs_links_color":"","ocean_breadcrumbs_links_hover_color":"","ocean_display_footer_widgets":"on","ocean_display_footer_bottom":"off","ocean_custom_footer_template":"0","footnotes":""},"class_list":["post-49","page","type-page","status-publish","hentry","entry"],"_links":{"self":[{"href":"https:\/\/tc-silbercasino.de\/index.php?rest_route=\/wp\/v2\/pages\/49","targetHints":{"allow":["GET"]}}],"collection":[{"href":"https:\/\/tc-silbercasino.de\/index.php?rest_route=\/wp\/v2\/pages"}],"about":[{"href":"https:\/\/tc-silbercasino.de\/index.php?rest_route=\/wp\/v2\/types\/page"}],"author":[{"embeddable":true,"href":"https:\/\/tc-silbercasino.de\/index.php?rest_route=\/wp\/v2\/users\/1"}],"replies":[{"embeddable":true,"href":"https:\/\/tc-silbercasino.de\/index.php?rest_route=%2Fwp%2Fv2%2Fcomments&post=49"}],"version-history":[{"count":14,"href":"https:\/\/tc-silbercasino.de\/index.php?rest_route=\/wp\/v2\/pages\/49\/revisions"}],"predecessor-version":[{"id":455,"href":"https:\/\/tc-silbercasino.de\/index.php?rest_route=\/wp\/v2\/pages\/49\/revisions\/455"}],"wp:attachment":[{"href":"https:\/\/tc-silbercasino.de\/index.php?rest_route=%2Fwp%2Fv2%2Fmedia&parent=49"}],"curies":[{"name":"wp","href":"https:\/\/api.w.org\/{rel}","templated":true}]}}