{"id":63,"date":"2018-10-06T14:41:32","date_gmt":"2018-10-06T14:41:32","guid":{"rendered":"http:\/\/tc-silbercasino.de\/?page_id=63"},"modified":"2023-10-30T15:57:09","modified_gmt":"2023-10-30T15:57:09","slug":"ueber-uns-vereinsgeschichte","status":"publish","type":"page","link":"https:\/\/tc-silbercasino.de\/?page_id=63","title":{"rendered":"Vereinsgeschichte"},"content":{"rendered":"\t\t<div data-elementor-type=\"wp-post\" data-elementor-id=\"63\" class=\"elementor elementor-63\">\n\t\t\t\t\t\t<section class=\"has_eae_slider elementor-section elementor-top-section elementor-element elementor-element-da87575 elementor-section-boxed elementor-section-height-default elementor-section-height-default\" data-eae-slider=\"8745\" data-id=\"da87575\" data-element_type=\"section\" data-e-type=\"section\">\n\t\t\t\t\t\t<div class=\"elementor-container elementor-column-gap-default\">\n\t\t\t\t\t<div class=\"has_eae_slider elementor-column elementor-col-100 elementor-top-column elementor-element elementor-element-2e8fea7\" data-eae-slider=\"55204\" data-id=\"2e8fea7\" data-element_type=\"column\" data-e-type=\"column\">\n\t\t\t<div class=\"elementor-widget-wrap elementor-element-populated\">\n\t\t\t\t\t\t<div class=\"elementor-element elementor-element-a334f2f elementor-widget elementor-widget-spacer\" data-id=\"a334f2f\" data-element_type=\"widget\" data-e-type=\"widget\" data-widget_type=\"spacer.default\">\n\t\t\t\t<div class=\"elementor-widget-container\">\n\t\t\t\t\t\t\t<div class=\"elementor-spacer\">\n\t\t\t<div class=\"elementor-spacer-inner\"><\/div>\n\t\t<\/div>\n\t\t\t\t\t\t<\/div>\n\t\t\t\t<\/div>\n\t\t\t\t<div class=\"elementor-element elementor-element-3c36fdf elementor-widget elementor-widget-heading\" data-id=\"3c36fdf\" data-element_type=\"widget\" data-e-type=\"widget\" data-widget_type=\"heading.default\">\n\t\t\t\t<div class=\"elementor-widget-container\">\n\t\t\t\t\t<h2 class=\"elementor-heading-title elementor-size-xl\">Vereinsgeschichte<\/h2>\t\t\t\t<\/div>\n\t\t\t\t<\/div>\n\t\t\t\t\t<\/div>\n\t\t<\/div>\n\t\t\t\t\t<\/div>\n\t\t<\/section>\n\t\t\t\t<section class=\"has_eae_slider elementor-section elementor-top-section elementor-element elementor-element-1bbd494 elementor-section-boxed elementor-section-height-default elementor-section-height-default\" data-eae-slider=\"23902\" data-id=\"1bbd494\" data-element_type=\"section\" data-e-type=\"section\">\n\t\t\t\t\t\t<div class=\"elementor-container elementor-column-gap-default\">\n\t\t\t\t\t<div class=\"has_eae_slider elementor-column elementor-col-100 elementor-top-column elementor-element elementor-element-2189753\" data-eae-slider=\"94174\" data-id=\"2189753\" data-element_type=\"column\" data-e-type=\"column\">\n\t\t\t<div class=\"elementor-widget-wrap elementor-element-populated\">\n\t\t\t\t\t\t<div class=\"elementor-element elementor-element-84ca61b elementor-widget elementor-widget-spacer\" data-id=\"84ca61b\" data-element_type=\"widget\" data-e-type=\"widget\" data-widget_type=\"spacer.default\">\n\t\t\t\t<div class=\"elementor-widget-container\">\n\t\t\t\t\t\t\t<div class=\"elementor-spacer\">\n\t\t\t<div class=\"elementor-spacer-inner\"><\/div>\n\t\t<\/div>\n\t\t\t\t\t\t<\/div>\n\t\t\t\t<\/div>\n\t\t\t\t<div class=\"elementor-element elementor-element-16307ce elementor-widget elementor-widget-eae-timeline\" data-id=\"16307ce\" data-element_type=\"widget\" data-e-type=\"widget\" data-widget_type=\"eae-timeline.skin1\">\n\t\t\t\t<div class=\"elementor-widget-container\">\n\t\t\t\t\t\t\t<section data-layout=\"center\" data-top-offset=\"350\" class=\"eae-layout-center eae-timeline eae-timeline-alternate-no eae-tl-center eae-tl-res-style-mobile-tablet eae-tl-res-layout-left\">\n\t\t\t<div class=\"eae-timline-progress-bar\">\n\t\t\t\t<div class='eae-pb-inner-line'><\/div>\n\t\t\t<\/div>\n\n\t\t\t\n\t\t\t\t\t\t\t\t\n\t\t\t\t\t\t<div id=\"159db65\" class=\"eae-timeline-item elementor-repeater-item-159db65 custom-image-style-no image-position-\">\n\n\t\t\t\t<div class=\"eae-tl-item-meta-wrapper\">\n\t\t\t\t\t\t\t\t\t\t\t<div class=\"eae-tl-item-meta\">\n\t\t\t\t\t\t\t2023\t\t\t\t\t\t<\/div>\n\t\t\t\t\t\t\n\t\t\t\t<\/div>\n\n\t\t\t\t<div class=\"eae-tl-icon-wrapper\" id=\"159db65\">\n\t\t\t\t\t\t\t\t\t<div class=\"eae-icon eae-icon-item_icon eae-icon-view-stacked eae-icon-shape-circle eae-icon-type-icon\">\n\t\t\t\t\t<div class=\"eae-icon-wrap\">\n\t\t\t\t\t\t\t\t\t\t\t\t\t<i aria-hidden=\"true\" class=\"fa fa-calendar\"><\/i>\t\t\t\t\t\t\t\t\t\t\t\t<\/div>\n\t\t\t\t<\/div>\n\t\t\t\t\t\t\t\t<\/div>\n\t\t\t\t<div class=\"eae-tl-content-wrapper\">\n\t\t\t\t\t\t\t\t\t\t\t\t<div class=\"eae-tl-item-content\">\n\t\t\t\t\t\t\t\t\t\t\t\t\t\t<div class=\"eae-width-100 eae-tl-content\">\n\t\t\t\t\t\t\t\t<div class=\"eae-content-inner\">\n\t\t\t\t\t\t\t\t\t<div class=\"eae-tl-item-meta-wrapper-inner\">\n\t\t\t\t\t\t\t\t\t\t\t\t\t\t\t\t\t\t\t\t\t<div class=\"eae-tl-item-meta-inner\">\n\t\t\t\t\t\t\t\t\t\t\t\t2023\t\t\t\t\t\t\t\t\t\t\t<\/div>\n\t\t\t\t\t\t\t\t\t\t\t\t\t\t\t\t\t\t\t\t<\/div>\n\t\t\t\t\t\t\t\t\t<h3 class=\"eae-tl-item-title\">60-j\u00e4hriges Jubil\u00e4um<\/h3><div class=\"eae-tl-content-innner\"><div class=\"elementor-element elementor-element-388bcb1 elementor-widget elementor-widget-text-editor\" data-id=\"388bcb1\" data-element_type=\"widget\" data-widget_type=\"text-editor.default\"><div class=\"elementor-widget-container\"><p>Im September 2023 hat der Tanzclub sein 60-j\u00e4hriges Jubil\u00e4um gemeinsam mit dem Ball des Oberb\u00fcrgermeisters in der Festhalle in Pirmasens gefeiert. Es war ein unvergesslicher Abend voller Freude am Tanzen und schwungvoller musikalischer Unterhaltung durch die Big Band der Polizei des Saarlandes.<\/p><p>Eingeleitet wurde der Ball mit einem Auftritt von den Kleinsten, den \u201eTanzm\u00e4usen\u201c, gefolgt von den etwas gr\u00f6\u00dferen Kids, der \u201eRemix\u201c Gruppe. Nach der Tanzgruppe \u201eAll In\u201c folgte ein Showtanz des 1. CVP. Sp\u00e4ter legte die Lateinformation \u201eRoyal Flush\u201c einen kr\u00f6nenden Abschluss der Tanzauftritte auf das Parkett. W\u00e4hrend den Pausen und im Ausklang des Abends ergriffen viele G\u00e4ste die M\u00f6glichkeit auch ihr Tanzbein auf der Fl\u00e4che zu schwingen.<\/p><p>Passend zum Vereiensnamen konnten die G\u00e4ste im Casino-Ambiente mit deutschlands erfolgreichsten Falschspieler Black-Jack spielen oder ihr Gl\u00fcck beim Roulette versuchen.<\/p><\/div><\/div><\/div>\t\t\t\t\t\t\t\t<\/div>\n\t\t\t\t\t\t\t<\/div>\n\t\t\t\t\t\t\t\t\t\t\t\t\t<\/div>\n\t\t\t\t\t\t\t\t\t\t<\/div>\n\n\t\t\t<\/div>\n\t\t\t\t\t\t\t\t\n\t\t\t\t\t\t<div id=\"80ff9ab\" class=\"eae-timeline-item elementor-repeater-item-80ff9ab custom-image-style-no image-position-\">\n\n\t\t\t\t<div class=\"eae-tl-item-meta-wrapper\">\n\t\t\t\t\t\t\t\t\t\t\t<div class=\"eae-tl-item-meta\">\n\t\t\t\t\t\t\t2022\t\t\t\t\t\t<\/div>\n\t\t\t\t\t\t\n\t\t\t\t<\/div>\n\n\t\t\t\t<div class=\"eae-tl-icon-wrapper\" id=\"80ff9ab\">\n\t\t\t\t\t\t\t\t\t<div class=\"eae-icon eae-icon-item_icon eae-icon-view-stacked eae-icon-shape-circle eae-icon-type-icon\">\n\t\t\t\t\t<div class=\"eae-icon-wrap\">\n\t\t\t\t\t\t\t\t\t\t\t\t\t<i aria-hidden=\"true\" class=\"fa fa-calendar\"><\/i>\t\t\t\t\t\t\t\t\t\t\t\t<\/div>\n\t\t\t\t<\/div>\n\t\t\t\t\t\t\t\t<\/div>\n\t\t\t\t<div class=\"eae-tl-content-wrapper\">\n\t\t\t\t\t\t\t\t\t\t\t\t\t<a href=\"#\">\n\t\t\t\t\t\t\t\t\t\t\t\t<div class=\"eae-tl-item-content\">\n\t\t\t\t\t\t\t\t\t\t\t\t\t\t<div class=\"eae-width-100 eae-tl-content\">\n\t\t\t\t\t\t\t\t<div class=\"eae-content-inner\">\n\t\t\t\t\t\t\t\t\t<div class=\"eae-tl-item-meta-wrapper-inner\">\n\t\t\t\t\t\t\t\t\t\t\t\t\t\t\t\t\t\t\t\t\t<div class=\"eae-tl-item-meta-inner\">\n\t\t\t\t\t\t\t\t\t\t\t\t2022\t\t\t\t\t\t\t\t\t\t\t<\/div>\n\t\t\t\t\t\t\t\t\t\t\t\t\t\t\t\t\t\t\t\t<\/div>\n\t\t\t\t\t\t\t\t\t<h3 class=\"eae-tl-item-title\">Blick nach vorne<\/h3><div class=\"eae-tl-content-innner\"><p>Der Kindertanz erfreut sich zunehmender Beliebtheit und die Vorstandschaft erweitert sich um die Position eines Jugendwartes.<br \/>Aus der Corona-Pandemie startet der Verein erfolgreich mit eigenen Tanztrainings f\u00fcr Hobby- und Breitensportt\u00e4nzer und Einsteigertrainings.<br \/>Die Unabh\u00e4ngigkeit von der Tanzschule G\u00fcnauer ist vollzogen.<\/p><\/div>\t\t\t\t\t\t\t\t<\/div>\n\t\t\t\t\t\t\t<\/div>\n\t\t\t\t\t\t\t\t\t\t\t\t\t<\/div>\n\t\t\t\t\t\t<\/a>\t\t\t\t<\/div>\n\n\t\t\t<\/div>\n\t\t\t\t\t\t\t\t\n\t\t\t\t\t\t<div id=\"2c9b0d9\" class=\"eae-timeline-item elementor-repeater-item-2c9b0d9 custom-image-style-no image-position-\">\n\n\t\t\t\t<div class=\"eae-tl-item-meta-wrapper\">\n\t\t\t\t\t\t\t\t\t\t\t<div class=\"eae-tl-item-meta\">\n\t\t\t\t\t\t\t2019\t\t\t\t\t\t<\/div>\n\t\t\t\t\t\t\n\t\t\t\t<\/div>\n\n\t\t\t\t<div class=\"eae-tl-icon-wrapper\" id=\"2c9b0d9\">\n\t\t\t\t\t\t\t\t\t<div class=\"eae-icon eae-icon-item_icon eae-icon-view-stacked eae-icon-shape-circle eae-icon-type-icon\">\n\t\t\t\t\t<div class=\"eae-icon-wrap\">\n\t\t\t\t\t\t\t\t\t\t\t\t\t<i aria-hidden=\"true\" class=\"fa fa-calendar\"><\/i>\t\t\t\t\t\t\t\t\t\t\t\t<\/div>\n\t\t\t\t<\/div>\n\t\t\t\t\t\t\t\t<\/div>\n\t\t\t\t<div class=\"eae-tl-content-wrapper\">\n\t\t\t\t\t\t\t\t\t\t\t\t\t<a href=\"#\">\n\t\t\t\t\t\t\t\t\t\t\t\t<div class=\"eae-tl-item-content\">\n\t\t\t\t\t\t\t\t\t\t\t\t\t\t<div class=\"eae-width-100 eae-tl-content\">\n\t\t\t\t\t\t\t\t<div class=\"eae-content-inner\">\n\t\t\t\t\t\t\t\t\t<div class=\"eae-tl-item-meta-wrapper-inner\">\n\t\t\t\t\t\t\t\t\t\t\t\t\t\t\t\t\t\t\t\t\t<div class=\"eae-tl-item-meta-inner\">\n\t\t\t\t\t\t\t\t\t\t\t\t2019\t\t\t\t\t\t\t\t\t\t\t<\/div>\n\t\t\t\t\t\t\t\t\t\t\t\t\t\t\t\t\t\t\t\t<\/div>\n\t\t\t\t\t\t\t\t\t<h3 class=\"eae-tl-item-title\">Frischer Wind<\/h3><div class=\"eae-tl-content-innner\"><p>Erstmalig starten mit Lena K\u00e4stner und Lukas Bath eigene Vereinsmitglieder in die Trainerausbildung im DTV. Mit dem erfolgreichen Abschluss zum Trainer C Breitensport im Jahr 2020 macht der Verein einen gro\u00dfen Schritt in Richtung Selbstst\u00e4ndigkeit. Durch die beiden vereinseigenen Trainer kann das Vereinsangebot um zus\u00e4tzliche Tanzgruppen erweitert werden.<br \/>Durch seine Mitgliedschaft im Stadtjugendring \u00f6ffnet sich der Tanzclub einem j\u00fcngeren Publikum. Die Kindertanzgruppe \u201eRemix\u201c wird gegr\u00fcndet.<\/p><\/div>\t\t\t\t\t\t\t\t<\/div>\n\t\t\t\t\t\t\t<\/div>\n\t\t\t\t\t\t\t\t\t\t\t\t\t<\/div>\n\t\t\t\t\t\t<\/a>\t\t\t\t<\/div>\n\n\t\t\t<\/div>\n\t\t\t\t\t\t\t\t\n\t\t\t\t\t\t<div id=\"bc86537\" class=\"eae-timeline-item elementor-repeater-item-bc86537 custom-image-style-no image-position-\">\n\n\t\t\t\t<div class=\"eae-tl-item-meta-wrapper\">\n\t\t\t\t\t\t\t\t\t\t\t<div class=\"eae-tl-item-meta\">\n\t\t\t\t\t\t\t2018\t\t\t\t\t\t<\/div>\n\t\t\t\t\t\t\n\t\t\t\t<\/div>\n\n\t\t\t\t<div class=\"eae-tl-icon-wrapper\" id=\"bc86537\">\n\t\t\t\t\t\t\t\t\t<div class=\"eae-icon eae-icon-item_icon eae-icon-view-stacked eae-icon-shape-circle eae-icon-type-icon\">\n\t\t\t\t\t<div class=\"eae-icon-wrap\">\n\t\t\t\t\t\t\t\t\t\t\t\t\t<i aria-hidden=\"true\" class=\"fa fa-calendar\"><\/i>\t\t\t\t\t\t\t\t\t\t\t\t<\/div>\n\t\t\t\t<\/div>\n\t\t\t\t\t\t\t\t<\/div>\n\t\t\t\t<div class=\"eae-tl-content-wrapper\">\n\t\t\t\t\t\t\t\t\t\t\t\t\t<a href=\"#\">\n\t\t\t\t\t\t\t\t\t\t\t\t<div class=\"eae-tl-item-content\">\n\t\t\t\t\t\t\t\t\t\t\t\t\t\t<div class=\"eae-width-100 eae-tl-content\">\n\t\t\t\t\t\t\t\t<div class=\"eae-content-inner\">\n\t\t\t\t\t\t\t\t\t<div class=\"eae-tl-item-meta-wrapper-inner\">\n\t\t\t\t\t\t\t\t\t\t\t\t\t\t\t\t\t\t\t\t\t<div class=\"eae-tl-item-meta-inner\">\n\t\t\t\t\t\t\t\t\t\t\t\t2018\t\t\t\t\t\t\t\t\t\t\t<\/div>\n\t\t\t\t\t\t\t\t\t\t\t\t\t\t\t\t\t\t\t\t<\/div>\n\t\t\t\t\t\t\t\t\t<h3 class=\"eae-tl-item-title\">Mehr Tanzvielfalt<\/h3><div class=\"eae-tl-content-innner\"><p>Neben den bereits bestehenden Paartanzgruppen wird 2018 erstmals eine f\u00fcr den Verein neuartige Tanzgruppe eingef\u00fchrt, bei der die Teilnehmenden Choreografien im Bereich Hip Hop und Videoclipdance erlernen und diese gelegentlich bei verschiedenen Veranstaltungen auff\u00fchren.<\/p><\/div>\t\t\t\t\t\t\t\t<\/div>\n\t\t\t\t\t\t\t<\/div>\n\t\t\t\t\t\t\t\t\t\t\t\t\t<\/div>\n\t\t\t\t\t\t<\/a>\t\t\t\t<\/div>\n\n\t\t\t<\/div>\n\t\t\t\t\t\t\t\t\n\t\t\t\t\t\t<div id=\"941fba8\" class=\"eae-timeline-item elementor-repeater-item-941fba8 custom-image-style-no image-position-\">\n\n\t\t\t\t<div class=\"eae-tl-item-meta-wrapper\">\n\t\t\t\t\t\t\t\t\t\t\t<div class=\"eae-tl-item-meta\">\n\t\t\t\t\t\t\t2013\t\t\t\t\t\t<\/div>\n\t\t\t\t\t\t\n\t\t\t\t<\/div>\n\n\t\t\t\t<div class=\"eae-tl-icon-wrapper\" id=\"941fba8\">\n\t\t\t\t\t\t\t\t\t<div class=\"eae-icon eae-icon-item_icon eae-icon-view-stacked eae-icon-shape-circle eae-icon-type-icon\">\n\t\t\t\t\t<div class=\"eae-icon-wrap\">\n\t\t\t\t\t\t\t\t\t\t\t\t\t<i aria-hidden=\"true\" class=\"fa fa-calendar\"><\/i>\t\t\t\t\t\t\t\t\t\t\t\t<\/div>\n\t\t\t\t<\/div>\n\t\t\t\t\t\t\t\t<\/div>\n\t\t\t\t<div class=\"eae-tl-content-wrapper\">\n\t\t\t\t\t\t\t\t\t\t\t\t\t<a href=\"#\">\n\t\t\t\t\t\t\t\t\t\t\t\t<div class=\"eae-tl-item-content\">\n\t\t\t\t\t\t\t\t\t\t\t\t\t\t<div class=\"eae-width-100 eae-tl-content\">\n\t\t\t\t\t\t\t\t<div class=\"eae-content-inner\">\n\t\t\t\t\t\t\t\t\t<div class=\"eae-tl-item-meta-wrapper-inner\">\n\t\t\t\t\t\t\t\t\t\t\t\t\t\t\t\t\t\t\t\t\t<div class=\"eae-tl-item-meta-inner\">\n\t\t\t\t\t\t\t\t\t\t\t\t2013\t\t\t\t\t\t\t\t\t\t\t<\/div>\n\t\t\t\t\t\t\t\t\t\t\t\t\t\t\t\t\t\t\t\t<\/div>\n\t\t\t\t\t\t\t\t\t<h3 class=\"eae-tl-item-title\">Jubil\u00e4um<\/h3><div class=\"eae-tl-content-innner\"><p>Im Jahr 2013 feiert der Tanzclub Silbercasino Pirmasens sein 50-j\u00e4hriges Jubil\u00e4um mit einem gro\u00dfen Fest.<\/p><\/div>\t\t\t\t\t\t\t\t<\/div>\n\t\t\t\t\t\t\t<\/div>\n\t\t\t\t\t\t\t\t\t\t\t\t\t<\/div>\n\t\t\t\t\t\t<\/a>\t\t\t\t<\/div>\n\n\t\t\t<\/div>\n\t\t\t\t\t\t\t\t\n\t\t\t\t\t\t<div id=\"5d3b66d\" class=\"eae-timeline-item elementor-repeater-item-5d3b66d custom-image-style-no image-position-\">\n\n\t\t\t\t<div class=\"eae-tl-item-meta-wrapper\">\n\t\t\t\t\t\t\t\t\t\t\t<div class=\"eae-tl-item-meta\">\n\t\t\t\t\t\t\t2008\t\t\t\t\t\t<\/div>\n\t\t\t\t\t\t\n\t\t\t\t<\/div>\n\n\t\t\t\t<div class=\"eae-tl-icon-wrapper\" id=\"5d3b66d\">\n\t\t\t\t\t\t\t\t\t<div class=\"eae-icon eae-icon-item_icon eae-icon-view-stacked eae-icon-shape-circle eae-icon-type-icon\">\n\t\t\t\t\t<div class=\"eae-icon-wrap\">\n\t\t\t\t\t\t\t\t\t\t\t\t\t<i aria-hidden=\"true\" class=\"fa fa-calendar\"><\/i>\t\t\t\t\t\t\t\t\t\t\t\t<\/div>\n\t\t\t\t<\/div>\n\t\t\t\t\t\t\t\t<\/div>\n\t\t\t\t<div class=\"eae-tl-content-wrapper\">\n\t\t\t\t\t\t\t\t\t\t\t\t\t<a href=\"#\">\n\t\t\t\t\t\t\t\t\t\t\t\t<div class=\"eae-tl-item-content\">\n\t\t\t\t\t\t\t\t\t\t\t\t\t\t<div class=\"eae-width-100 eae-tl-content\">\n\t\t\t\t\t\t\t\t<div class=\"eae-content-inner\">\n\t\t\t\t\t\t\t\t\t<div class=\"eae-tl-item-meta-wrapper-inner\">\n\t\t\t\t\t\t\t\t\t\t\t\t\t\t\t\t\t\t\t\t\t<div class=\"eae-tl-item-meta-inner\">\n\t\t\t\t\t\t\t\t\t\t\t\t2008\t\t\t\t\t\t\t\t\t\t\t<\/div>\n\t\t\t\t\t\t\t\t\t\t\t\t\t\t\t\t\t\t\t\t<\/div>\n\t\t\t\t\t\t\t\t\t<h3 class=\"eae-tl-item-title\">Harter Verlust<\/h3><div class=\"eae-tl-content-innner\"><p>Mit dem Ableben von Ingrid G\u00fcnauer im Jahr 2008 wird eine gro\u00dfe L\u00fccke ins Vereinsleben gerissen. Ihr Engagement im Bereich Training, Choreografie und dem Schneidern der Formationskleidung fehlt und es gelingt nur schwer den Status Quo zu erhalten.<\/p><\/div>\t\t\t\t\t\t\t\t<\/div>\n\t\t\t\t\t\t\t<\/div>\n\t\t\t\t\t\t\t\t\t\t\t\t\t<\/div>\n\t\t\t\t\t\t<\/a>\t\t\t\t<\/div>\n\n\t\t\t<\/div>\n\t\t\t\t\t\t\t\t\n\t\t\t\t\t\t<div id=\"003b2a6\" class=\"eae-timeline-item elementor-repeater-item-003b2a6 custom-image-style-no image-position-\">\n\n\t\t\t\t<div class=\"eae-tl-item-meta-wrapper\">\n\t\t\t\t\t\t\t\t\t\t\t<div class=\"eae-tl-item-meta\">\n\t\t\t\t\t\t\t1981\t\t\t\t\t\t<\/div>\n\t\t\t\t\t\t\n\t\t\t\t<\/div>\n\n\t\t\t\t<div class=\"eae-tl-icon-wrapper\" id=\"003b2a6\">\n\t\t\t\t\t\t\t\t\t<div class=\"eae-icon eae-icon-item_icon eae-icon-view-stacked eae-icon-shape-circle eae-icon-type-icon\">\n\t\t\t\t\t<div class=\"eae-icon-wrap\">\n\t\t\t\t\t\t\t\t\t\t\t\t\t<i aria-hidden=\"true\" class=\"fa fa-calendar\"><\/i>\t\t\t\t\t\t\t\t\t\t\t\t<\/div>\n\t\t\t\t<\/div>\n\t\t\t\t\t\t\t\t<\/div>\n\t\t\t\t<div class=\"eae-tl-content-wrapper\">\n\t\t\t\t\t\t\t\t\t\t\t\t\t<a href=\"#\">\n\t\t\t\t\t\t\t\t\t\t\t\t<div class=\"eae-tl-item-content\">\n\t\t\t\t\t\t\t\t\t\t\t\t\t\t<div class=\"eae-width-100 eae-tl-content\">\n\t\t\t\t\t\t\t\t<div class=\"eae-content-inner\">\n\t\t\t\t\t\t\t\t\t<div class=\"eae-tl-item-meta-wrapper-inner\">\n\t\t\t\t\t\t\t\t\t\t\t\t\t\t\t\t\t\t\t\t\t<div class=\"eae-tl-item-meta-inner\">\n\t\t\t\t\t\t\t\t\t\t\t\t1981\t\t\t\t\t\t\t\t\t\t\t<\/div>\n\t\t\t\t\t\t\t\t\t\t\t\t\t\t\t\t\t\t\t\t<\/div>\n\t\t\t\t\t\t\t\t\t<h3 class=\"eae-tl-item-title\">Erweiterung des Clubangebots<\/h3><div class=\"eae-tl-content-innner\"><p>Nachdem der Rock 'n' Roll wieder popul\u00e4r ist, wird im Jahr 1981 das Clubangebot erweitert und der 1. Rock 'n' Roll-Club Pirmasens gegr\u00fcndet. Der Club wird in den Tanzclub Silbercasino integriert und bietet interessierten Rock 'n' Roll-Fans ebenfalls die M\u00f6glichkeit ihrem Hobby nachzugehen. Leider gibt es dieses Angebot heute im Verein nicht mehr.<\/p><\/div>\t\t\t\t\t\t\t\t<\/div>\n\t\t\t\t\t\t\t<\/div>\n\t\t\t\t\t\t\t\t\t\t\t\t\t<\/div>\n\t\t\t\t\t\t<\/a>\t\t\t\t<\/div>\n\n\t\t\t<\/div>\n\t\t\t\t\t\t\t\t\n\t\t\t\t\t\t<div id=\"802a3cc\" class=\"eae-timeline-item elementor-repeater-item-802a3cc custom-image-style-no image-position-\">\n\n\t\t\t\t<div class=\"eae-tl-item-meta-wrapper\">\n\t\t\t\t\t\t\t\t\t\t\t<div class=\"eae-tl-item-meta\">\n\t\t\t\t\t\t\t1970\t\t\t\t\t\t<\/div>\n\t\t\t\t\t\t\n\t\t\t\t<\/div>\n\n\t\t\t\t<div class=\"eae-tl-icon-wrapper\" id=\"802a3cc\">\n\t\t\t\t\t\t\t\t\t<div class=\"eae-icon eae-icon-item_icon eae-icon-view-stacked eae-icon-shape-circle eae-icon-type-icon\">\n\t\t\t\t\t<div class=\"eae-icon-wrap\">\n\t\t\t\t\t\t\t\t\t\t\t\t\t<i aria-hidden=\"true\" class=\"fa fa-calendar\"><\/i>\t\t\t\t\t\t\t\t\t\t\t\t<\/div>\n\t\t\t\t<\/div>\n\t\t\t\t\t\t\t\t<\/div>\n\t\t\t\t<div class=\"eae-tl-content-wrapper\">\n\t\t\t\t\t\t\t\t\t\t\t\t\t<a href=\"#\">\n\t\t\t\t\t\t\t\t\t\t\t\t<div class=\"eae-tl-item-content\">\n\t\t\t\t\t\t\t\t\t\t\t\t\t\t<div class=\"eae-width-100 eae-tl-content\">\n\t\t\t\t\t\t\t\t<div class=\"eae-content-inner\">\n\t\t\t\t\t\t\t\t\t<div class=\"eae-tl-item-meta-wrapper-inner\">\n\t\t\t\t\t\t\t\t\t\t\t\t\t\t\t\t\t\t\t\t\t<div class=\"eae-tl-item-meta-inner\">\n\t\t\t\t\t\t\t\t\t\t\t\t1970\t\t\t\t\t\t\t\t\t\t\t<\/div>\n\t\t\t\t\t\t\t\t\t\t\t\t\t\t\t\t\t\t\t\t<\/div>\n\t\t\t\t\t\t\t\t\t<h3 class=\"eae-tl-item-title\">Nach Stillstand kommt der Erfolg<\/h3><div class=\"eae-tl-content-innner\"><p>Ab 1970 gibt es einen Stillstand, aufgrund beruflicher und privater Gr\u00fcnde schr\u00e4nken viele Paare ihr Training ein. In den Jahren danach kommt wieder Schwung in den Tanzclub. Turnierplatzierungen in der D-Klasse k\u00f6nnen erreicht werden. Auch die Standard- und Lateinformationen sind wieder auf gesellschaftlicher Ebene erfolgreich unterwegs, trotz der Nichtteilnahme an Turnieren.<\/p><\/div>\t\t\t\t\t\t\t\t<\/div>\n\t\t\t\t\t\t\t<\/div>\n\t\t\t\t\t\t\t\t\t\t\t\t\t<\/div>\n\t\t\t\t\t\t<\/a>\t\t\t\t<\/div>\n\n\t\t\t<\/div>\n\t\t\t\t\t\t\t\t\n\t\t\t\t\t\t<div id=\"21d012b\" class=\"eae-timeline-item elementor-repeater-item-21d012b custom-image-style- image-position-\">\n\n\t\t\t\t<div class=\"eae-tl-item-meta-wrapper\">\n\t\t\t\t\t\t\t\t\t\t\t<div class=\"eae-tl-item-meta\">\n\t\t\t\t\t\t\t1963\t\t\t\t\t\t<\/div>\n\t\t\t\t\t\t\n\t\t\t\t<\/div>\n\n\t\t\t\t<div class=\"eae-tl-icon-wrapper\" id=\"21d012b\">\n\t\t\t\t\t\t\t\t\t<div class=\"eae-icon eae-icon-item_icon eae-icon-view-stacked eae-icon-shape-circle eae-icon-type-icon\">\n\t\t\t\t\t<div class=\"eae-icon-wrap\">\n\t\t\t\t\t\t\t\t\t\t\t\t\t<i aria-hidden=\"true\" class=\"fa fa-calendar\"><\/i>\t\t\t\t\t\t\t\t\t\t\t\t<\/div>\n\t\t\t\t<\/div>\n\t\t\t\t\t\t\t\t<\/div>\n\t\t\t\t<div class=\"eae-tl-content-wrapper\">\n\t\t\t\t\t\t\t\t\t\t\t\t\t<a href=\"#\">\n\t\t\t\t\t\t\t\t\t\t\t\t<div class=\"eae-tl-item-content\">\n\t\t\t\t\t\t\t\t\t\t\t\t\t\t<div class=\"eae-width-100 eae-tl-content\">\n\t\t\t\t\t\t\t\t<div class=\"eae-content-inner\">\n\t\t\t\t\t\t\t\t\t<div class=\"eae-tl-item-meta-wrapper-inner\">\n\t\t\t\t\t\t\t\t\t\t\t\t\t\t\t\t\t\t\t\t\t<div class=\"eae-tl-item-meta-inner\">\n\t\t\t\t\t\t\t\t\t\t\t\t1963\t\t\t\t\t\t\t\t\t\t\t<\/div>\n\t\t\t\t\t\t\t\t\t\t\t\t\t\t\t\t\t\t\t\t<\/div>\n\t\t\t\t\t\t\t\t\t<h3 class=\"eae-tl-item-title\">Gr\u00fcndung<\/h3><div class=\"eae-tl-content-innner\"><p>Der Tanzclub Silbercasino wurde im April 1963 von jungen T\u00e4nzerinnen und T\u00e4nzern der Tanzschule G\u00fcnauer, die Tanzen zu ihrem Hobby machten gegr\u00fcndet und war der erste Club seiner Art in Pirmasens und Umgebung.<br \/>Von Beginn an im Turnierbereich aktiv, k\u00f6nnen relativ schnell beachtliche Erfolge erzielt werden:<br \/>Renate und Dieter D\u00e4uwel tanzen als Amateurturniertanzpaar bis in die S-Klasse. Inge und Dieter Heinsohn schaffen es als Amateurturniertanzpaar bis in die damalige Klasse 1 (heutige A-Klasse).<br \/>Verschiedene Formationen werden einstudiert, die auf gesellschaftlicher Ebene (Breiten- und Freizeitsport) sehr erfolgreich sind.<\/p><\/div>\t\t\t\t\t\t\t\t<\/div>\n\t\t\t\t\t\t\t<\/div>\n\t\t\t\t\t\t\t\t\t\t\t\t\t<\/div>\n\t\t\t\t\t\t<\/a>\t\t\t\t<\/div>\n\n\t\t\t<\/div>\n\t\t\t\t\t\t<\/section>\n\n\t\t\t\t\t\t<\/div>\n\t\t\t\t<\/div>\n\t\t\t\t\t<\/div>\n\t\t<\/div>\n\t\t\t\t\t<\/div>\n\t\t<\/section>\n\t\t\t\t<section class=\"has_eae_slider elementor-section elementor-top-section elementor-element elementor-element-e7fa3b5 elementor-section-boxed elementor-section-height-default elementor-section-height-default\" data-eae-slider=\"15147\" data-id=\"e7fa3b5\" data-element_type=\"section\" data-e-type=\"section\">\n\t\t\t\t\t\t<div class=\"elementor-container elementor-column-gap-default\">\n\t\t\t\t\t<div class=\"has_eae_slider elementor-column elementor-col-100 elementor-top-column elementor-element elementor-element-d375f58\" data-eae-slider=\"53772\" data-id=\"d375f58\" data-element_type=\"column\" data-e-type=\"column\">\n\t\t\t<div class=\"elementor-widget-wrap elementor-element-populated\">\n\t\t\t\t\t\t<div class=\"elementor-element elementor-element-9b54062 elementor-widget elementor-widget-text-editor\" data-id=\"9b54062\" data-element_type=\"widget\" data-e-type=\"widget\" data-widget_type=\"text-editor.default\">\n\t\t\t\t<div class=\"elementor-widget-container\">\n\t\t\t\t\t\t\t\t\t<p>\u00a0<\/p><p>Ziel ist und bleibt es den Tanzsport zu f\u00f6rdern und die Lust am Tanzen in die Welt zu tragen,\u00a0frei nach dem Motto des Theologen und Philosophen Aurelius Augustinus im Jahr 400:\u00a0<em>&#8222;O Mensch, lerne tanzen, denn sonst wissen die Engel im Himmel mit dir nichts anzufangen&#8220;<\/em><\/p><p>\u00a0<\/p><p>\u00a0<\/p>\t\t\t\t\t\t\t\t<\/div>\n\t\t\t\t<\/div>\n\t\t\t\t\t<\/div>\n\t\t<\/div>\n\t\t\t\t\t<\/div>\n\t\t<\/section>\n\t\t\t\t<\/div>\n\t\t","protected":false},"excerpt":{"rendered":"<p>Vereinsgeschichte 2023 2023 60-j\u00e4hriges Jubil\u00e4um Im September 2023 hat der Tanzclub sein 60-j\u00e4hriges Jubil\u00e4um gemeinsam mit dem Ball des Oberb\u00fcrgermeisters in der Festhalle in Pirmasens gefeiert. Es war ein unvergesslicher [&hellip;]<\/p>\n","protected":false},"author":1,"featured_media":0,"parent":0,"menu_order":0,"comment_status":"closed","ping_status":"closed","template":"","meta":{"ngg_post_thumbnail":0,"ocean_post_layout":"full-screen","ocean_both_sidebars_style":"","ocean_both_sidebars_content_width":0,"ocean_both_sidebars_sidebars_width":0,"ocean_sidebar":"0","ocean_second_sidebar":"0","ocean_disable_margins":"enable","ocean_add_body_class":"","ocean_shortcode_before_top_bar":"","ocean_shortcode_after_top_bar":"","ocean_shortcode_before_header":"","ocean_shortcode_after_header":"","ocean_has_shortcode":"","ocean_shortcode_after_title":"","ocean_shortcode_before_footer_widgets":"","ocean_shortcode_after_footer_widgets":"","ocean_shortcode_before_footer_bottom":"","ocean_shortcode_after_footer_bottom":"","ocean_display_top_bar":"off","ocean_display_header":"on","ocean_header_style":"","ocean_center_header_left_menu":"0","ocean_custom_header_template":"0","ocean_custom_logo":0,"ocean_custom_retina_logo":0,"ocean_custom_logo_max_width":0,"ocean_custom_logo_tablet_max_width":0,"ocean_custom_logo_mobile_max_width":0,"ocean_custom_logo_max_height":0,"ocean_custom_logo_tablet_max_height":0,"ocean_custom_logo_mobile_max_height":0,"ocean_header_custom_menu":"0","ocean_menu_typo_font_family":"0","ocean_menu_typo_font_subset":"","ocean_menu_typo_font_size":0,"ocean_menu_typo_font_size_tablet":0,"ocean_menu_typo_font_size_mobile":0,"ocean_menu_typo_font_size_unit":"px","ocean_menu_typo_font_weight":"","ocean_menu_typo_font_weight_tablet":"","ocean_menu_typo_font_weight_mobile":"","ocean_menu_typo_transform":"","ocean_menu_typo_transform_tablet":"","ocean_menu_typo_transform_mobile":"","ocean_menu_typo_line_height":0,"ocean_menu_typo_line_height_tablet":0,"ocean_menu_typo_line_height_mobile":0,"ocean_menu_typo_line_height_unit":"","ocean_menu_typo_spacing":0,"ocean_menu_typo_spacing_tablet":0,"ocean_menu_typo_spacing_mobile":0,"ocean_menu_typo_spacing_unit":"","ocean_menu_link_color":"","ocean_menu_link_color_hover":"","ocean_menu_link_color_active":"","ocean_menu_link_background":"","ocean_menu_link_hover_background":"","ocean_menu_link_active_background":"","ocean_menu_social_links_bg":"","ocean_menu_social_hover_links_bg":"","ocean_menu_social_links_color":"","ocean_menu_social_hover_links_color":"","ocean_disable_title":"on","ocean_disable_heading":"default","ocean_post_title":"","ocean_post_subheading":"","ocean_post_title_style":"","ocean_post_title_background_color":"","ocean_post_title_background":0,"ocean_post_title_bg_image_position":"","ocean_post_title_bg_image_attachment":"","ocean_post_title_bg_image_repeat":"","ocean_post_title_bg_image_size":"","ocean_post_title_height":0,"ocean_post_title_bg_overlay":0.5,"ocean_post_title_bg_overlay_color":"","ocean_disable_breadcrumbs":"default","ocean_breadcrumbs_color":"","ocean_breadcrumbs_separator_color":"","ocean_breadcrumbs_links_color":"","ocean_breadcrumbs_links_hover_color":"","ocean_display_footer_widgets":"on","ocean_display_footer_bottom":"off","ocean_custom_footer_template":"0","footnotes":""},"class_list":["post-63","page","type-page","status-publish","hentry","entry"],"_links":{"self":[{"href":"https:\/\/tc-silbercasino.de\/index.php?rest_route=\/wp\/v2\/pages\/63","targetHints":{"allow":["GET"]}}],"collection":[{"href":"https:\/\/tc-silbercasino.de\/index.php?rest_route=\/wp\/v2\/pages"}],"about":[{"href":"https:\/\/tc-silbercasino.de\/index.php?rest_route=\/wp\/v2\/types\/page"}],"author":[{"embeddable":true,"href":"https:\/\/tc-silbercasino.de\/index.php?rest_route=\/wp\/v2\/users\/1"}],"replies":[{"embeddable":true,"href":"https:\/\/tc-silbercasino.de\/index.php?rest_route=%2Fwp%2Fv2%2Fcomments&post=63"}],"version-history":[{"count":59,"href":"https:\/\/tc-silbercasino.de\/index.php?rest_route=\/wp\/v2\/pages\/63\/revisions"}],"predecessor-version":[{"id":889,"href":"https:\/\/tc-silbercasino.de\/index.php?rest_route=\/wp\/v2\/pages\/63\/revisions\/889"}],"wp:attachment":[{"href":"https:\/\/tc-silbercasino.de\/index.php?rest_route=%2Fwp%2Fv2%2Fmedia&parent=63"}],"curies":[{"name":"wp","href":"https:\/\/api.w.org\/{rel}","templated":true}]}}